{"id":1884,"date":"2022-09-01T19:25:13","date_gmt":"2022-09-01T23:25:13","guid":{"rendered":"https:\/\/freedomrelaxation.com\/services\/"},"modified":"2022-12-08T15:57:40","modified_gmt":"2022-12-08T20:57:40","slug":"services","status":"publish","type":"page","link":"https:\/\/freedomrelaxation.com\/fr\/services\/","title":{"rendered":"Services"},"content":{"rendered":"\t\t<div data-elementor-type=\"wp-page\" data-elementor-id=\"1884\" class=\"elementor elementor-1884 elementor-56\" data-elementor-post-type=\"page\">\n\t\t\t\t\t\t<section class=\"elementor-section elementor-top-section elementor-element elementor-element-71f43d0 elementor-section-height-min-height elementor-section-items-stretch elementor-section-content-middle elementor-section-boxed elementor-section-height-default\" data-id=\"71f43d0\" data-element_type=\"section\" data-e-type=\"section\" data-settings=\"{&quot;background_background&quot;:&quot;classic&quot;}\">\n\t\t\t\t\t\t\t<div class=\"elementor-background-overlay\"><\/div>\n\t\t\t\t\t\t\t<div class=\"elementor-container elementor-column-gap-no\">\n\t\t\t\t\t<div class=\"elementor-column elementor-col-100 elementor-top-column elementor-element elementor-element-1455ad7\" data-id=\"1455ad7\" data-element_type=\"column\" data-e-type=\"column\">\n\t\t\t<div class=\"elementor-widget-wrap elementor-element-populated\">\n\t\t\t\t\t\t<div class=\"elementor-element elementor-element-41c0be4 elementor-invisible elementor-widget elementor-widget-heading\" data-id=\"41c0be4\" data-element_type=\"widget\" data-e-type=\"widget\" data-settings=\"{&quot;_animation&quot;:&quot;fadeInUp&quot;,&quot;_animation_delay&quot;:50}\" data-widget_type=\"heading.default\">\n\t\t\t\t<div class=\"elementor-widget-container\">\n\t\t\t\t\t<h2 class=\"elementor-heading-title elementor-size-default\">D\u00c9COUVREZ  <br> <i>  nos services<\/i><\/h2>\t\t\t\t<\/div>\n\t\t\t\t<\/div>\n\t\t\t\t<div class=\"elementor-element elementor-element-25ba8ae elementor-invisible elementor-widget elementor-widget-text-editor\" data-id=\"25ba8ae\" data-element_type=\"widget\" data-e-type=\"widget\" data-settings=\"{&quot;_animation&quot;:&quot;fadeInUp&quot;,&quot;_animation_delay&quot;:100}\" data-widget_type=\"text-editor.default\">\n\t\t\t\t<div class=\"elementor-widget-container\">\n\t\t\t\t\t\t\t\t\t<p>Bienvenue dans le monde magique de la libert\u00e9 et de la relaxation. Avec chaque traitement, vous b\u00e9n\u00e9ficiez d&rsquo;une s\u00e9ance gratuite de 30 minutes dans notre spa d&rsquo;eau sal\u00e9e.<\/p>\n\t\t\t\t\t\t\t\t<\/div>\n\t\t\t\t<\/div>\n\t\t\t\t\t<\/div>\n\t\t<\/div>\n\t\t\t\t\t<\/div>\n\t\t<\/section>\n\t\t\t\t<section class=\"elementor-section elementor-top-section elementor-element elementor-element-46f849f elementor-section-boxed elementor-section-height-default elementor-section-height-default\" data-id=\"46f849f\" data-element_type=\"section\" data-e-type=\"section\" data-settings=\"{&quot;background_background&quot;:&quot;classic&quot;}\">\n\t\t\t\t\t\t<div class=\"elementor-container elementor-column-gap-no\">\n\t\t\t\t\t<div class=\"elementor-column elementor-col-100 elementor-top-column elementor-element elementor-element-1ea48e2\" data-id=\"1ea48e2\" data-element_type=\"column\" data-e-type=\"column\">\n\t\t\t<div class=\"elementor-widget-wrap elementor-element-populated\">\n\t\t\t\t\t\t<div class=\"elementor-element elementor-element-964bdb9 elementor-hidden-mobile elementor-invisible elementor-widget elementor-widget-text-editor\" data-id=\"964bdb9\" data-element_type=\"widget\" data-e-type=\"widget\" data-settings=\"{&quot;_animation&quot;:&quot;fadeInUp&quot;}\" data-widget_type=\"text-editor.default\">\n\t\t\t\t<div class=\"elementor-widget-container\">\n\t\t\t\t\t\t\t\t\t<p><i>\u00ab\u00a0Le voyage commence avec vous\u00a0\u00bb<\/i><\/p>\n\t\t\t\t\t\t\t\t<\/div>\n\t\t\t\t<\/div>\n\t\t\t\t<div class=\"elementor-element elementor-element-e830b4c elementor-hidden-desktop elementor-hidden-tablet elementor-invisible elementor-widget elementor-widget-text-editor\" data-id=\"e830b4c\" data-element_type=\"widget\" data-e-type=\"widget\" data-settings=\"{&quot;_animation&quot;:&quot;fadeInUp&quot;}\" data-widget_type=\"text-editor.default\">\n\t\t\t\t<div class=\"elementor-widget-container\">\n\t\t\t\t\t\t\t\t\t<p><i>\u00ab\u00a0Le voyage  <br \/>commence avec toi\u00a0\u00bb<\/i><\/p>\n\t\t\t\t\t\t\t\t<\/div>\n\t\t\t\t<\/div>\n\t\t\t\t\t<\/div>\n\t\t<\/div>\n\t\t\t\t\t<\/div>\n\t\t<\/section>\n\t\t\t\t<section class=\"elementor-section elementor-top-section elementor-element elementor-element-a8df71e elementor-section-full_width elementor-section-height-default elementor-section-height-default\" data-id=\"a8df71e\" data-element_type=\"section\" data-e-type=\"section\" data-settings=\"{&quot;background_background&quot;:&quot;classic&quot;}\">\n\t\t\t\t\t\t<div class=\"elementor-container elementor-column-gap-no\">\n\t\t\t\t\t<div class=\"elementor-column elementor-col-50 elementor-top-column elementor-element elementor-element-795a70b\" data-id=\"795a70b\" data-element_type=\"column\" data-e-type=\"column\">\n\t\t\t<div class=\"elementor-widget-wrap elementor-element-populated\">\n\t\t\t\t\t\t<div class=\"elementor-element elementor-element-002279a elementor-cta--skin-cover elementor-cta--valign-middle elementor-animated-content elementor-invisible elementor-widget elementor-widget-call-to-action\" data-id=\"002279a\" data-element_type=\"widget\" data-e-type=\"widget\" data-settings=\"{&quot;_animation&quot;:&quot;fadeIn&quot;,&quot;_animation_delay&quot;:50}\" data-widget_type=\"call-to-action.default\">\n\t\t\t\t<div class=\"elementor-widget-container\">\n\t\t\t\t\t\t\t<a class=\"elementor-cta\" href=\"https:\/\/freedomrelaxation.com\/fr\/traitements\/\">\n\t\t\t\t\t<div class=\"elementor-cta__bg-wrapper\">\n\t\t\t\t<div class=\"elementor-cta__bg elementor-bg\" style=\"background-image: url(https:\/\/freedomrelaxation.com\/wp-content\/uploads\/2022\/09\/17_Services_SpaBeauty-BeautySection_Img_2.jpg);\" role=\"img\" aria-label=\"17_Services_SpaBeauty-BeautySection_Img_2.jpg\"><\/div>\n\t\t\t\t<div class=\"elementor-cta__bg-overlay\"><\/div>\n\t\t\t<\/div>\n\t\t\t\t\t\t\t<div class=\"elementor-cta__content\">\n\t\t\t\t\n\t\t\t\t\t\t\t\t\t<h3 class=\"elementor-cta__title elementor-cta__content-item elementor-content-item elementor-animated-item--shrink\">\n\t\t\t\t\t\tTraitements  <br>&amp; Massages\t\t\t\t\t<\/h3>\n\t\t\t\t\n\t\t\t\t\t\t\t\t\t<div class=\"elementor-cta__description elementor-cta__content-item elementor-content-item elementor-animated-item--shrink\">\n\t\t\t\t\t\t<p>En savoir plus<\/p>\n\t\t\t\t\t<\/div>\n\t\t\t\t\n\t\t\t\t\t\t\t<\/div>\n\t\t\t\t\t\t<\/a>\n\t\t\t\t\t\t<\/div>\n\t\t\t\t<\/div>\n\t\t\t\t\t<\/div>\n\t\t<\/div>\n\t\t\t\t<div class=\"elementor-column elementor-col-50 elementor-top-column elementor-element elementor-element-560e425\" data-id=\"560e425\" data-element_type=\"column\" data-e-type=\"column\">\n\t\t\t<div class=\"elementor-widget-wrap elementor-element-populated\">\n\t\t\t\t\t\t<div class=\"elementor-element elementor-element-207400e elementor-cta--skin-cover elementor-cta--valign-middle elementor-animated-content elementor-invisible elementor-widget elementor-widget-call-to-action\" data-id=\"207400e\" data-element_type=\"widget\" data-e-type=\"widget\" data-settings=\"{&quot;_animation&quot;:&quot;fadeIn&quot;,&quot;_animation_delay&quot;:100}\" data-widget_type=\"call-to-action.default\">\n\t\t\t\t<div class=\"elementor-widget-container\">\n\t\t\t\t\t\t\t<a class=\"elementor-cta\" href=\"https:\/\/freedomrelaxation.com\/fr\/ateliers\/\">\n\t\t\t\t\t<div class=\"elementor-cta__bg-wrapper\">\n\t\t\t\t<div class=\"elementor-cta__bg elementor-bg\" style=\"background-image: url(https:\/\/freedomrelaxation.com\/wp-content\/uploads\/2022\/11\/Freedom.jpeg);\" role=\"img\" aria-label=\"Freedom\"><\/div>\n\t\t\t\t<div class=\"elementor-cta__bg-overlay\"><\/div>\n\t\t\t<\/div>\n\t\t\t\t\t\t\t<div class=\"elementor-cta__content\">\n\t\t\t\t\n\t\t\t\t\t\t\t\t\t<h3 class=\"elementor-cta__title elementor-cta__content-item elementor-content-item elementor-animated-item--shrink\">\n\t\t\t\t\t\tcertifications  <br>  &amp; ateliers\t\t\t\t\t<\/h3>\n\t\t\t\t\n\t\t\t\t\t\t\t\t\t<div class=\"elementor-cta__description elementor-cta__content-item elementor-content-item elementor-animated-item--shrink\">\n\t\t\t\t\t\t<p>En savoir plus<\/p>\n\t\t\t\t\t<\/div>\n\t\t\t\t\n\t\t\t\t\t\t\t<\/div>\n\t\t\t\t\t\t<\/a>\n\t\t\t\t\t\t<\/div>\n\t\t\t\t<\/div>\n\t\t\t\t\t<\/div>\n\t\t<\/div>\n\t\t\t\t\t<\/div>\n\t\t<\/section>\n\t\t\t\t<section class=\"elementor-section elementor-top-section elementor-element elementor-element-981a05d elementor-section-full_width elementor-section-height-default elementor-section-height-default\" data-id=\"981a05d\" data-element_type=\"section\" data-e-type=\"section\" data-settings=\"{&quot;background_background&quot;:&quot;classic&quot;}\">\n\t\t\t\t\t\t<div class=\"elementor-container elementor-column-gap-no\">\n\t\t\t\t\t<div class=\"elementor-column elementor-col-50 elementor-top-column elementor-element elementor-element-a4623fa\" data-id=\"a4623fa\" data-element_type=\"column\" data-e-type=\"column\">\n\t\t\t<div class=\"elementor-widget-wrap elementor-element-populated\">\n\t\t\t\t\t\t<div class=\"elementor-element elementor-element-873eb60 elementor-cta--skin-cover elementor-cta--valign-middle elementor-animated-content elementor-invisible elementor-widget elementor-widget-call-to-action\" data-id=\"873eb60\" data-element_type=\"widget\" data-e-type=\"widget\" data-settings=\"{&quot;_animation&quot;:&quot;fadeIn&quot;,&quot;_animation_delay&quot;:150}\" data-widget_type=\"call-to-action.default\">\n\t\t\t\t<div class=\"elementor-widget-container\">\n\t\t\t\t\t\t\t<a class=\"elementor-cta\" href=\"https:\/\/freedomrelaxation.com\/fr\/cours\/\">\n\t\t\t\t\t<div class=\"elementor-cta__bg-wrapper\">\n\t\t\t\t<div class=\"elementor-cta__bg elementor-bg\" style=\"background-image: url(https:\/\/freedomrelaxation.com\/wp-content\/uploads\/2022\/09\/17_Services_SpaBeauty-BeautyServices_3.jpg);\" role=\"img\" aria-label=\"17_Services_SpaBeauty-BeautyServices_3.jpg\"><\/div>\n\t\t\t\t<div class=\"elementor-cta__bg-overlay\"><\/div>\n\t\t\t<\/div>\n\t\t\t\t\t\t\t<div class=\"elementor-cta__content\">\n\t\t\t\t\n\t\t\t\t\t\t\t\t\t<h3 class=\"elementor-cta__title elementor-cta__content-item elementor-content-item elementor-animated-item--shrink\">\n\t\t\t\t\t\tMYOMASSOLOGIE  <br>PROGRAMME\t\t\t\t\t<\/h3>\n\t\t\t\t\n\t\t\t\t\t\t\t\t\t<div class=\"elementor-cta__description elementor-cta__content-item elementor-content-item elementor-animated-item--shrink\">\n\t\t\t\t\t\t<p>En savoir plus<\/p>\n\t\t\t\t\t<\/div>\n\t\t\t\t\n\t\t\t\t\t\t\t<\/div>\n\t\t\t\t\t\t<\/a>\n\t\t\t\t\t\t<\/div>\n\t\t\t\t<\/div>\n\t\t\t\t\t<\/div>\n\t\t<\/div>\n\t\t\t\t<div class=\"elementor-column elementor-col-50 elementor-top-column elementor-element elementor-element-311a452\" data-id=\"311a452\" data-element_type=\"column\" data-e-type=\"column\">\n\t\t\t<div class=\"elementor-widget-wrap elementor-element-populated\">\n\t\t\t\t\t\t<div class=\"elementor-element elementor-element-290951a elementor-cta--skin-cover elementor-cta--valign-middle elementor-animated-content elementor-invisible elementor-widget elementor-widget-call-to-action\" data-id=\"290951a\" data-element_type=\"widget\" data-e-type=\"widget\" data-settings=\"{&quot;_animation&quot;:&quot;fadeIn&quot;,&quot;_animation_delay&quot;:300}\" data-widget_type=\"call-to-action.default\">\n\t\t\t\t<div class=\"elementor-widget-container\">\n\t\t\t\t\t\t\t<a class=\"elementor-cta\" href=\"https:\/\/freedomrelaxation.com\/fr\/yoga-en-ligne\/\">\n\t\t\t\t\t<div class=\"elementor-cta__bg-wrapper\">\n\t\t\t\t<div class=\"elementor-cta__bg elementor-bg\" style=\"background-image: url(https:\/\/freedomrelaxation.com\/wp-content\/uploads\/2022\/09\/Beach-Yoga.jpg);\" role=\"img\" aria-label=\"Beach Yoga\"><\/div>\n\t\t\t\t<div class=\"elementor-cta__bg-overlay\"><\/div>\n\t\t\t<\/div>\n\t\t\t\t\t\t\t<div class=\"elementor-cta__content\">\n\t\t\t\t\n\t\t\t\t\t\t\t\t\t<h3 class=\"elementor-cta__title elementor-cta__content-item elementor-content-item elementor-animated-item--shrink\">\n\t\t\t\t\t\tEn ligne  <br>Yoga\t\t\t\t\t<\/h3>\n\t\t\t\t\n\t\t\t\t\t\t\t\t\t<div class=\"elementor-cta__description elementor-cta__content-item elementor-content-item elementor-animated-item--shrink\">\n\t\t\t\t\t\t<p>En savoir plus<\/p>\n\t\t\t\t\t<\/div>\n\t\t\t\t\n\t\t\t\t\t\t\t<\/div>\n\t\t\t\t\t\t<\/a>\n\t\t\t\t\t\t<\/div>\n\t\t\t\t<\/div>\n\t\t\t\t\t<\/div>\n\t\t<\/div>\n\t\t\t\t\t<\/div>\n\t\t<\/section>\n\t\t\t\t<\/div>\n\t\t","protected":false},"excerpt":{"rendered":"<p>D\u00c9COUVREZ nos services Bienvenue dans le monde magique de la libert\u00e9 et de la relaxation. Avec chaque traitement, vous b\u00e9n\u00e9ficiez d&rsquo;une s\u00e9ance gratuite de 30 minutes dans notre spa d&rsquo;eau sal\u00e9e. \u00ab\u00a0Le voyage commence avec vous\u00a0\u00bb \u00ab\u00a0Le voyage commence avec toi\u00a0\u00bb Traitements &amp; Massages En savoir plus certifications &amp; ateliers En savoir plus MYOMASSOLOGIE PROGRAMME [&hellip;]<\/p>\n","protected":false},"author":225508407,"featured_media":1801,"parent":0,"menu_order":0,"comment_status":"closed","ping_status":"closed","template":"elementor_header_footer","meta":{"footnotes":""},"class_list":["post-1884","page","type-page","status-publish","has-post-thumbnail","hentry"],"yoast_head":"<!-- This site is optimized with the Yoast SEO plugin v27.4 - https:\/\/yoast.com\/product\/yoast-seo-wordpress\/ -->\n<title>Services - Freedom Relaxation<\/title>\n<meta name=\"description\" content=\"D\u00e9couvrez nos cours, services, programmes, ateliers et bien plus encore. Nous sommes pr\u00eats \u00e0 vous aider \u00e0 devenir le meilleur de vous-m\u00eame.\" \/>\n<meta name=\"robots\" content=\"index, follow, max-snippet:-1, max-image-preview:large, max-video-preview:-1\" \/>\n<link rel=\"canonical\" href=\"https:\/\/freedomrelaxation.com\/fr\/services\/\" \/>\n<meta property=\"og:locale\" content=\"fr_FR\" \/>\n<meta property=\"og:type\" content=\"article\" \/>\n<meta property=\"og:title\" content=\"Services - Freedom Relaxation\" \/>\n<meta property=\"og:description\" content=\"D\u00e9couvrez nos cours, services, programmes, ateliers et bien plus encore. Nous sommes pr\u00eats \u00e0 vous aider \u00e0 devenir le meilleur de vous-m\u00eame.\" \/>\n<meta property=\"og:url\" content=\"https:\/\/freedomrelaxation.com\/fr\/services\/\" \/>\n<meta property=\"og:site_name\" content=\"Freedom Relaxation\" \/>\n<meta property=\"article:publisher\" content=\"https:\/\/www.facebook.com\/FreedomRelaxationBodyCare\" \/>\n<meta property=\"article:modified_time\" content=\"2022-12-08T20:57:40+00:00\" \/>\n<meta property=\"og:image\" content=\"https:\/\/freedomrelaxation.com\/wp-content\/uploads\/2022\/09\/freedom-relaxtion-social-sharing.jpg\" \/>\n\t<meta property=\"og:image:width\" content=\"385\" \/>\n\t<meta property=\"og:image:height\" content=\"252\" \/>\n\t<meta property=\"og:image:type\" content=\"image\/jpeg\" \/>\n<meta name=\"twitter:card\" content=\"summary_large_image\" \/>\n<script type=\"application\/ld+json\" class=\"yoast-schema-graph\">{\"@context\":\"https:\\\/\\\/schema.org\",\"@graph\":[{\"@type\":\"WebPage\",\"@id\":\"https:\\\/\\\/freedomrelaxation.com\\\/fr\\\/services\\\/\",\"url\":\"https:\\\/\\\/freedomrelaxation.com\\\/fr\\\/services\\\/\",\"name\":\"Services - Freedom Relaxation\",\"isPartOf\":{\"@id\":\"https:\\\/\\\/freedomrelaxation.com\\\/fr\\\/#website\"},\"primaryImageOfPage\":{\"@id\":\"https:\\\/\\\/freedomrelaxation.com\\\/fr\\\/services\\\/#primaryimage\"},\"image\":{\"@id\":\"https:\\\/\\\/freedomrelaxation.com\\\/fr\\\/services\\\/#primaryimage\"},\"thumbnailUrl\":\"https:\\\/\\\/freedomrelaxation.com\\\/wp-content\\\/uploads\\\/2022\\\/09\\\/freedom-relaxtion-social-sharing.jpg\",\"datePublished\":\"2022-09-01T23:25:13+00:00\",\"dateModified\":\"2022-12-08T20:57:40+00:00\",\"description\":\"D\u00e9couvrez nos cours, services, programmes, ateliers et bien plus encore. Nous sommes pr\u00eats \u00e0 vous aider \u00e0 devenir le meilleur de vous-m\u00eame.\",\"breadcrumb\":{\"@id\":\"https:\\\/\\\/freedomrelaxation.com\\\/fr\\\/services\\\/#breadcrumb\"},\"inLanguage\":\"fr-FR\",\"potentialAction\":[{\"@type\":\"ReadAction\",\"target\":[\"https:\\\/\\\/freedomrelaxation.com\\\/fr\\\/services\\\/\"]}]},{\"@type\":\"ImageObject\",\"inLanguage\":\"fr-FR\",\"@id\":\"https:\\\/\\\/freedomrelaxation.com\\\/fr\\\/services\\\/#primaryimage\",\"url\":\"https:\\\/\\\/freedomrelaxation.com\\\/wp-content\\\/uploads\\\/2022\\\/09\\\/freedom-relaxtion-social-sharing.jpg\",\"contentUrl\":\"https:\\\/\\\/freedomrelaxation.com\\\/wp-content\\\/uploads\\\/2022\\\/09\\\/freedom-relaxtion-social-sharing.jpg\",\"width\":385,\"height\":252},{\"@type\":\"BreadcrumbList\",\"@id\":\"https:\\\/\\\/freedomrelaxation.com\\\/fr\\\/services\\\/#breadcrumb\",\"itemListElement\":[{\"@type\":\"ListItem\",\"position\":1,\"name\":\"Home\",\"item\":\"https:\\\/\\\/freedomrelaxation.com\\\/fr\\\/accueil\\\/\"},{\"@type\":\"ListItem\",\"position\":2,\"name\":\"Services\"}]},{\"@type\":\"WebSite\",\"@id\":\"https:\\\/\\\/freedomrelaxation.com\\\/fr\\\/#website\",\"url\":\"https:\\\/\\\/freedomrelaxation.com\\\/fr\\\/\",\"name\":\"Freedom Relaxation\",\"description\":\"Heal Your Life\",\"publisher\":{\"@id\":\"https:\\\/\\\/freedomrelaxation.com\\\/fr\\\/#organization\"},\"potentialAction\":[{\"@type\":\"SearchAction\",\"target\":{\"@type\":\"EntryPoint\",\"urlTemplate\":\"https:\\\/\\\/freedomrelaxation.com\\\/fr\\\/?s={search_term_string}\"},\"query-input\":{\"@type\":\"PropertyValueSpecification\",\"valueRequired\":true,\"valueName\":\"search_term_string\"}}],\"inLanguage\":\"fr-FR\"},{\"@type\":\"Organization\",\"@id\":\"https:\\\/\\\/freedomrelaxation.com\\\/fr\\\/#organization\",\"name\":\"Freedom Relaxation\",\"url\":\"https:\\\/\\\/freedomrelaxation.com\\\/fr\\\/\",\"logo\":{\"@type\":\"ImageObject\",\"inLanguage\":\"fr-FR\",\"@id\":\"https:\\\/\\\/freedomrelaxation.com\\\/fr\\\/#\\\/schema\\\/logo\\\/image\\\/\",\"url\":\"https:\\\/\\\/freedomrelaxation.com\\\/wp-content\\\/uploads\\\/2022\\\/09\\\/LOGO-2.jpg\",\"contentUrl\":\"https:\\\/\\\/freedomrelaxation.com\\\/wp-content\\\/uploads\\\/2022\\\/09\\\/LOGO-2.jpg\",\"width\":420,\"height\":420,\"caption\":\"Freedom Relaxation\"},\"image\":{\"@id\":\"https:\\\/\\\/freedomrelaxation.com\\\/fr\\\/#\\\/schema\\\/logo\\\/image\\\/\"},\"sameAs\":[\"https:\\\/\\\/www.facebook.com\\\/FreedomRelaxationBodyCare\"]}]}<\/script>\n<!-- \/ Yoast SEO plugin. -->","yoast_head_json":{"title":"Services - Freedom Relaxation","description":"D\u00e9couvrez nos cours, services, programmes, ateliers et bien plus encore. Nous sommes pr\u00eats \u00e0 vous aider \u00e0 devenir le meilleur de vous-m\u00eame.","robots":{"index":"index","follow":"follow","max-snippet":"max-snippet:-1","max-image-preview":"max-image-preview:large","max-video-preview":"max-video-preview:-1"},"canonical":"https:\/\/freedomrelaxation.com\/fr\/services\/","og_locale":"fr_FR","og_type":"article","og_title":"Services - Freedom Relaxation","og_description":"D\u00e9couvrez nos cours, services, programmes, ateliers et bien plus encore. Nous sommes pr\u00eats \u00e0 vous aider \u00e0 devenir le meilleur de vous-m\u00eame.","og_url":"https:\/\/freedomrelaxation.com\/fr\/services\/","og_site_name":"Freedom Relaxation","article_publisher":"https:\/\/www.facebook.com\/FreedomRelaxationBodyCare","article_modified_time":"2022-12-08T20:57:40+00:00","og_image":[{"width":385,"height":252,"url":"https:\/\/freedomrelaxation.com\/wp-content\/uploads\/2022\/09\/freedom-relaxtion-social-sharing.jpg","type":"image\/jpeg"}],"twitter_card":"summary_large_image","schema":{"@context":"https:\/\/schema.org","@graph":[{"@type":"WebPage","@id":"https:\/\/freedomrelaxation.com\/fr\/services\/","url":"https:\/\/freedomrelaxation.com\/fr\/services\/","name":"Services - Freedom Relaxation","isPartOf":{"@id":"https:\/\/freedomrelaxation.com\/fr\/#website"},"primaryImageOfPage":{"@id":"https:\/\/freedomrelaxation.com\/fr\/services\/#primaryimage"},"image":{"@id":"https:\/\/freedomrelaxation.com\/fr\/services\/#primaryimage"},"thumbnailUrl":"https:\/\/freedomrelaxation.com\/wp-content\/uploads\/2022\/09\/freedom-relaxtion-social-sharing.jpg","datePublished":"2022-09-01T23:25:13+00:00","dateModified":"2022-12-08T20:57:40+00:00","description":"D\u00e9couvrez nos cours, services, programmes, ateliers et bien plus encore. Nous sommes pr\u00eats \u00e0 vous aider \u00e0 devenir le meilleur de vous-m\u00eame.","breadcrumb":{"@id":"https:\/\/freedomrelaxation.com\/fr\/services\/#breadcrumb"},"inLanguage":"fr-FR","potentialAction":[{"@type":"ReadAction","target":["https:\/\/freedomrelaxation.com\/fr\/services\/"]}]},{"@type":"ImageObject","inLanguage":"fr-FR","@id":"https:\/\/freedomrelaxation.com\/fr\/services\/#primaryimage","url":"https:\/\/freedomrelaxation.com\/wp-content\/uploads\/2022\/09\/freedom-relaxtion-social-sharing.jpg","contentUrl":"https:\/\/freedomrelaxation.com\/wp-content\/uploads\/2022\/09\/freedom-relaxtion-social-sharing.jpg","width":385,"height":252},{"@type":"BreadcrumbList","@id":"https:\/\/freedomrelaxation.com\/fr\/services\/#breadcrumb","itemListElement":[{"@type":"ListItem","position":1,"name":"Home","item":"https:\/\/freedomrelaxation.com\/fr\/accueil\/"},{"@type":"ListItem","position":2,"name":"Services"}]},{"@type":"WebSite","@id":"https:\/\/freedomrelaxation.com\/fr\/#website","url":"https:\/\/freedomrelaxation.com\/fr\/","name":"Freedom Relaxation","description":"Heal Your Life","publisher":{"@id":"https:\/\/freedomrelaxation.com\/fr\/#organization"},"potentialAction":[{"@type":"SearchAction","target":{"@type":"EntryPoint","urlTemplate":"https:\/\/freedomrelaxation.com\/fr\/?s={search_term_string}"},"query-input":{"@type":"PropertyValueSpecification","valueRequired":true,"valueName":"search_term_string"}}],"inLanguage":"fr-FR"},{"@type":"Organization","@id":"https:\/\/freedomrelaxation.com\/fr\/#organization","name":"Freedom Relaxation","url":"https:\/\/freedomrelaxation.com\/fr\/","logo":{"@type":"ImageObject","inLanguage":"fr-FR","@id":"https:\/\/freedomrelaxation.com\/fr\/#\/schema\/logo\/image\/","url":"https:\/\/freedomrelaxation.com\/wp-content\/uploads\/2022\/09\/LOGO-2.jpg","contentUrl":"https:\/\/freedomrelaxation.com\/wp-content\/uploads\/2022\/09\/LOGO-2.jpg","width":420,"height":420,"caption":"Freedom Relaxation"},"image":{"@id":"https:\/\/freedomrelaxation.com\/fr\/#\/schema\/logo\/image\/"},"sameAs":["https:\/\/www.facebook.com\/FreedomRelaxationBodyCare"]}]}},"jetpack_shortlink":"https:\/\/wp.me\/PedHTc-uo","_links":{"self":[{"href":"https:\/\/freedomrelaxation.com\/fr\/wp-json\/wp\/v2\/pages\/1884","targetHints":{"allow":["GET"]}}],"collection":[{"href":"https:\/\/freedomrelaxation.com\/fr\/wp-json\/wp\/v2\/pages"}],"about":[{"href":"https:\/\/freedomrelaxation.com\/fr\/wp-json\/wp\/v2\/types\/page"}],"author":[{"embeddable":true,"href":"https:\/\/freedomrelaxation.com\/fr\/wp-json\/wp\/v2\/users\/225508407"}],"replies":[{"embeddable":true,"href":"https:\/\/freedomrelaxation.com\/fr\/wp-json\/wp\/v2\/comments?post=1884"}],"version-history":[{"count":4,"href":"https:\/\/freedomrelaxation.com\/fr\/wp-json\/wp\/v2\/pages\/1884\/revisions"}],"predecessor-version":[{"id":1898,"href":"https:\/\/freedomrelaxation.com\/fr\/wp-json\/wp\/v2\/pages\/1884\/revisions\/1898"}],"wp:featuredmedia":[{"embeddable":true,"href":"https:\/\/freedomrelaxation.com\/fr\/wp-json\/wp\/v2\/media\/1801"}],"wp:attachment":[{"href":"https:\/\/freedomrelaxation.com\/fr\/wp-json\/wp\/v2\/media?parent=1884"}],"curies":[{"name":"wp","href":"https:\/\/api.w.org\/{rel}","templated":true}]}}